{"id":97,"date":"2020-01-27T13:35:53","date_gmt":"2020-01-27T11:35:53","guid":{"rendered":"http:\/\/wine-law.fr\/?page_id=97"},"modified":"2024-03-16T00:30:41","modified_gmt":"2024-03-15T22:30:41","slug":"wine-law-in-the-european-union-fall-school","status":"publish","type":"page","link":"https:\/\/www.wine-law.org\/index.php\/wine-law-in-the-european-union-fall-school\/","title":{"rendered":"GLOBAL WINE LAW SCHOOL"},"content":{"rendered":"\n<p><em>Le \u00ab GLOBAL WINE LAW SCHOOL \u00bb est une formation dipl\u00f4mante dispens\u00e9e en anglais,&nbsp;r\u00e9unissant des professeurs sp\u00e9cialistes du droit vitivinicole europ\u00e9en et international, et s\u2019adresse \u00e0 un public international d\u2019\u00e9tudiants et de professionnels<\/em> sp\u00e9cialistes du droit vitivinicole europ\u00e9en et international.&nbsp;<em>Seul projet d\u2019int\u00e9r\u00eat vitivinicole au niveau international \u00e0 b\u00e9n\u00e9ficier d\u2019une labellisation et d\u2019un financement \u00ab Module Jean Monnet \u00bb par la Commission europ\u00e9enne, le programme permet, \u00e0 ceux qui le souhaitent, de passer l\u2019examen final pour valider un dipl\u00f4me d\u2019universit\u00e9.&nbsp;Le programme est accompagn\u00e9 de divers \u00e9v\u00e9nements \u00e0 commencer par la \u00ab Annual Global Wine Law Lecture \u00bb. Il s\u2019agit d\u2019une conf\u00e9rence dispens\u00e9e par une personnalit\u00e9 prestigieuse, sur un sujet relatif au commerce international du vin, et suivie d\u2019une discussion avec le public et d\u2019une r\u00e9ception.<\/em><\/p>\n\n\n\n<p><strong>Nombre de participants&nbsp;:&nbsp;<\/strong>10 \u00e0 30.<\/p>\n\n\n\n<p><strong>Profil des participants&nbsp;:&nbsp;<\/strong>Professionnels dans le secteur vitivinicole, \u00e9tudiants de niveau Master&nbsp;ou&nbsp;chercheurs.<\/p>\n\n\n\n<p><strong>Conditions de candidature :<\/strong><\/p>\n\n\n\n<ul><li>\u00catre titulaire d\u2019une licence (ou d\u2019une \u00e9quivalence) universitaire&nbsp;<\/li><li>ou \u00eatre Professionnel dans le secteur vitivinicole, agroalimentaire etc., avec exp\u00e9rience d\u2019au moins 5 ans<\/li><li><strong>Tr\u00e8s bonne connaissance d\u2019anglais (examen TOEFL ou autre certification, sur demande)<\/strong><\/li><\/ul>\n\n\n\n<p><strong>Objectifs du programme :&nbsp;<\/strong><\/p>\n\n\n\n<ul><li>pr\u00e9senter les enjeux li\u00e9s \u00e0 la r\u00e9glementation europ\u00e9enne en mati\u00e8re vitivinicole<\/li><li>analyser les questions que soul\u00e8ve le commerce international du vin<\/li><li>promouvoir la richesse culturelle du terroir du vin de Champagne<\/li><li>faciliter les contacts et le dialogue entre la r\u00e9gion et les acteurs et professionnels \u00e9trangers<\/li><li>familiariser les \u00e9tudiants avec le monde et le secteur vitivinicole<\/li><li>promouvoir la formation et la recherche de l\u2019URCA en mati\u00e8re de droit vitivinicole<\/li><\/ul>\n\n\n\n<p><strong>Validation du dipl\u00f4me d\u2019Universit\u00e9 :&nbsp;Examens \u00e9crits (\u00e9preuve de 2h).<\/strong><\/p>\n\n\n\n<p><strong>13TH GLOBAL WINE LAW SCHOOL 2024 (22-26 APRIL 2024):&nbsp;ALCOHOL ADVERTISEMENT IN A GLOBAL LAW CONTEXT<\/strong><\/p>\n\n\n\n<p><a href=\"https:\/\/www.wine-law.org\/wp-content\/uploads\/2024\/03\/Program_Law_School_2024_Final.pdf\">Programme<\/a><\/p>\n\n\n\n<p><a href=\"https:\/\/www.wine-law.org\/wp-content\/uploads\/2024\/03\/application-form-2024.doc\">Inscription<\/a><\/p>\n","protected":false},"excerpt":{"rendered":"<p>Le \u00ab GLOBAL WINE LAW SCHOOL \u00bb est une formation dipl\u00f4mante dispens\u00e9e en anglais,&nbsp;r\u00e9unissant des professeurs sp\u00e9cialistes du droit vitivinicole europ\u00e9en et international, et s\u2019adresse \u00e0 un public international d\u2019\u00e9tudiants et de professionnels sp\u00e9cialistes du droit vitivinicole europ\u00e9en et international.&nbsp;Seul&#8230; <a class=\"more-link\" href=\"https:\/\/www.wine-law.org\/index.php\/wine-law-in-the-european-union-fall-school\/\">Lire la suite &rarr;<\/a><\/p>\n","protected":false},"author":5,"featured_media":0,"parent":0,"menu_order":0,"comment_status":"closed","ping_status":"closed","template":"","meta":{"sfsi_plus_gutenberg_text_before_share":"","sfsi_plus_gutenberg_show_text_before_share":"","sfsi_plus_gutenberg_icon_type":"","sfsi_plus_gutenberg_icon_alignemt":"","sfsi_plus_gutenburg_max_per_row":"","spay_email":""},"jetpack_sharing_enabled":true,"_links":{"self":[{"href":"https:\/\/www.wine-law.org\/index.php\/wp-json\/wp\/v2\/pages\/97"}],"collection":[{"href":"https:\/\/www.wine-law.org\/index.php\/wp-json\/wp\/v2\/pages"}],"about":[{"href":"https:\/\/www.wine-law.org\/index.php\/wp-json\/wp\/v2\/types\/page"}],"author":[{"embeddable":true,"href":"https:\/\/www.wine-law.org\/index.php\/wp-json\/wp\/v2\/users\/5"}],"replies":[{"embeddable":true,"href":"https:\/\/www.wine-law.org\/index.php\/wp-json\/wp\/v2\/comments?post=97"}],"version-history":[{"count":14,"href":"https:\/\/www.wine-law.org\/index.php\/wp-json\/wp\/v2\/pages\/97\/revisions"}],"predecessor-version":[{"id":4040,"href":"https:\/\/www.wine-law.org\/index.php\/wp-json\/wp\/v2\/pages\/97\/revisions\/4040"}],"wp:attachment":[{"href":"https:\/\/www.wine-law.org\/index.php\/wp-json\/wp\/v2\/media?parent=97"}],"curies":[{"name":"wp","href":"https:\/\/api.w.org\/{rel}","templated":true}]}}