{"id":64,"date":"2020-01-27T12:05:42","date_gmt":"2020-01-27T11:05:42","guid":{"rendered":"http:\/\/wine-law.fr\/?page_id=64"},"modified":"2020-01-27T12:05:42","modified_gmt":"2020-01-27T11:05:42","slug":"master-1-droit-du-vin-et-des-spiritueux","status":"publish","type":"page","link":"https:\/\/www.wine-law.org\/index.php\/master-1-droit-du-vin-et-des-spiritueux\/","title":{"rendered":"Master 1 Droit du vin et des spiritueux"},"content":{"rendered":"\n<p><strong>Une formation unique&nbsp;<\/strong><\/p>\n\n\n\n<p>L\u2019Universit\u00e9 de Reims et son Programme Vin &amp; Droit \u2013 Chaire Jean Monnet offrent une formation unique en son genre. Avec un Master 1 \u00ab Droit \u00bb suivi d\u2019un Parcours unique en Master 2 &nbsp;\u00ab Droit du Vin et des Spiritueux \u00bb, les \u00e9tudiants ont la possibilit\u00e9 de suivre une formation coh\u00e9rente de niveau Master avec l\u2019objectif de pr\u00e9parer et valider un Master 2 \u00e0 la fois technique et prometteur en mati\u00e8re de d\u00e9bouch\u00e9s.<\/p>\n\n\n\n<p><strong>Objectifs&nbsp;<\/strong><\/p>\n\n\n\n<p>Les objectifs sont de former les \u00e9tudiants \u00e0 des professions juridiques et de les pr\u00e9parer pour int\u00e9grer le monde des entreprises et organismes de la fili\u00e8re du vin, des spiritueux et plus g\u00e9n\u00e9ralement de l\u2019agroalimentaire. Pour ce faire, la formation fixe comme objectif prioritaire de familiariser les \u00e9tudiants avec des branches du droit d\u00e9passant le clivage droit public \u2013 droit priv\u00e9. La formation vise \u00e0 dispenser des enseignements vari\u00e9s, tiss\u00e9s autour des besoins \u00e0 la fois larges et techniques du monde du vin et des spiritueux, voire de l\u2019agroalimentaire. En m\u00eame temps cependant, cet enseignement de la technique du droit est compl\u00e9t\u00e9 par des enseignements de culture g\u00e9n\u00e9rale ainsi que par des cours permettant aux \u00e9tudiants de s\u2019ouvrir vers des syst\u00e8mes juridiques et des pays \u00e9trangers, afin d\u2019avoir une vision large des grandes questions \u00e9conomiques, politiques, culturelles, voire soci\u00e9tales li\u00e9s \u00e0 la production et \u00e0 la consommation des vins, des spiritueux et plus g\u00e9n\u00e9ralement des aliments. Les professions envisag\u00e9es sont tr\u00e8s diverses et rel\u00e8vent tant du secteur priv\u00e9 (ex. avocat sp\u00e9cialis\u00e9 en droit vitivinicole ou en droit des spiritueux, juriste d\u2019entreprise du secteur vitivinicole et des boissons alcooliques,\u2026) que du secteur public (ex. juriste d\u2019organismes publics li\u00e9s au secteur vitivinicole et aux boissons alcoolis\u00e9es, enseignant-chercheur en droit vitivinicole, en droit des spiritueux ou en droit agroalimentaire\u2026).<\/p>\n\n\n\n<p><strong>Organisation&nbsp;<a href=\"http:\/\/wine-law.fr\/wp-content\/uploads\/2020\/01\/maquette_finale.xlsx\">(voir la maquette finale)<\/a><\/strong><\/p>\n\n\n\n<p>La mention de Master Droit s\u2019organise autour d\u2019un seul parcours en M1 (dont les cours sont largement mutualis\u00e9s avec les autres M1 des mentions de Master propos\u00e9es par la Facult\u00e9 de Droit et de Science Politique).<\/p>\n\n\n\n<p>En premi\u00e8re ann\u00e9e, les \u00e9tudiants se voient offrir un socle de cours commun. Ils doivent ainsi suivre une mati\u00e8re obligatoire assortie de travaux dirig\u00e9s (droit agroalimentaire) et leur est ensuite propos\u00e9 un choix entre des mati\u00e8res avec travaux dirig\u00e9s et des mati\u00e8res sans travaux dirig\u00e9s. Le choix de ces mati\u00e8res se fait en fonction du projet de parcours envisag\u00e9 en Master 2.&nbsp;<\/p>\n\n\n\n<p>Pour participer \u00e0 l\u2019objectif g\u00e9n\u00e9raliste de cette premi\u00e8re ann\u00e9e de la mention Master, les \u00e9tudiants peuvent avoir recours \u00e0 des unit\u00e9s libres, qui conf\u00e8rent \u00e0 la formation une importante pluridisciplinarit\u00e9.&nbsp;<\/p>\n\n\n\n<p>Pendant cette premi\u00e8re ann\u00e9e, les \u00e9tudiants continuent \u00e0 renforcer leurs connaissances th\u00e9oriques et ont la possibilit\u00e9 de se confronter \u00e0 la pratique, par un stage, qui donnera lieu \u00e0 un rapport de stage \u00e9valu\u00e9 en fin d\u2019ann\u00e9e par leurs enseignants de Master 1.&nbsp;<\/p>\n\n\n\n<p>En deuxi\u00e8me ann\u00e9e, les \u00e9tudiants approfondissent leurs connaissances en se sp\u00e9cialisant sur les diff\u00e9rents aspects du droit de la vigne, du vin et des spiritueux. L\u2019accent est mis sur les questions pratiques, la r\u00e9solution de probl\u00e8mes complexes d\u00e9passant les clivages droit public-droit priv\u00e9, droit interne-droit international tandis que des mati\u00e8res fondamentales comme le droit commercial, le droit europ\u00e9en ou le droit de la propri\u00e9t\u00e9 intellectuelle sont enseign\u00e9es \u00e0 travers le prisme des sp\u00e9cificit\u00e9s du secteur de la vigne er du vin.<\/p>\n","protected":false},"excerpt":{"rendered":"<p>Une formation unique&nbsp; L\u2019Universit\u00e9 de Reims et son Programme Vin &amp; Droit \u2013 Chaire Jean Monnet offrent une formation unique en son genre. Avec un Master 1 \u00ab Droit \u00bb suivi d\u2019un Parcours unique en Master 2 &nbsp;\u00ab Droit du&#8230; <a class=\"more-link\" href=\"https:\/\/www.wine-law.org\/index.php\/master-1-droit-du-vin-et-des-spiritueux\/\">Lire la suite &rarr;<\/a><\/p>\n","protected":false},"author":5,"featured_media":0,"parent":0,"menu_order":0,"comment_status":"closed","ping_status":"closed","template":"","meta":{"sfsi_plus_gutenberg_text_before_share":"","sfsi_plus_gutenberg_show_text_before_share":"","sfsi_plus_gutenberg_icon_type":"","sfsi_plus_gutenberg_icon_alignemt":"","sfsi_plus_gutenburg_max_per_row":"","spay_email":""},"jetpack_sharing_enabled":true,"_links":{"self":[{"href":"https:\/\/www.wine-law.org\/index.php\/wp-json\/wp\/v2\/pages\/64"}],"collection":[{"href":"https:\/\/www.wine-law.org\/index.php\/wp-json\/wp\/v2\/pages"}],"about":[{"href":"https:\/\/www.wine-law.org\/index.php\/wp-json\/wp\/v2\/types\/page"}],"author":[{"embeddable":true,"href":"https:\/\/www.wine-law.org\/index.php\/wp-json\/wp\/v2\/users\/5"}],"replies":[{"embeddable":true,"href":"https:\/\/www.wine-law.org\/index.php\/wp-json\/wp\/v2\/comments?post=64"}],"version-history":[{"count":5,"href":"https:\/\/www.wine-law.org\/index.php\/wp-json\/wp\/v2\/pages\/64\/revisions"}],"predecessor-version":[{"id":71,"href":"https:\/\/www.wine-law.org\/index.php\/wp-json\/wp\/v2\/pages\/64\/revisions\/71"}],"wp:attachment":[{"href":"https:\/\/www.wine-law.org\/index.php\/wp-json\/wp\/v2\/media?parent=64"}],"curies":[{"name":"wp","href":"https:\/\/api.w.org\/{rel}","templated":true}]}}