{"id":2740,"date":"2021-03-31T14:53:00","date_gmt":"2021-03-31T12:53:00","guid":{"rendered":"https:\/\/www.wine-law.org\/?page_id=2740"},"modified":"2022-08-18T15:56:32","modified_gmt":"2022-08-18T13:56:32","slug":"jus-vini-jus-vini-blog-aswc-2","status":"publish","type":"page","link":"https:\/\/www.wine-law.org\/index.php\/jus-vini-jus-vini-blog-aswc-2\/","title":{"rendered":"Jus Vini \/ Jus Vini blog &#8211; ASWC"},"content":{"rendered":"\n<p><em>Depuis la cr\u00e9ation de Jus Vini, et plus r\u00e9cemment, de Jus Vini blog, les \u00e9tudiants du Programme Vin et Droit prennent part \u00e0 la vie des deux revues juridiques. Cet engagement fait d\u00e9sormais partie int\u00e9grante<\/em> d<em>u programme d&rsquo;\u00e9tude. <\/em><\/p>\n\n\n\n<p><strong>Objectif<\/strong>&nbsp;: Le Projet Professionnel Individuel (PPI) Jus Vini \/ Jus Vini blog a pour objectif de permettre aux \u00e9tudiants de mettre un pied dans le monde de la recherche et de la r\u00e9daction acad\u00e9mique et de cr\u00e9er des liens directs entre Alumni du Programme et \u00e9tudiants.<\/p>\n\n\n\n<p><strong>Organisation<\/strong>&nbsp;: L&rsquo;action se d\u00e9cline en deux travaux qui se d\u00e9roulent au long de l&rsquo;ann\u00e9e universitaire. <\/p>\n\n\n\n<ul><li>L&rsquo;editing consiste \u00e0 participer \u00e0 la pr\u00e9paration \u00e0 la publication de Jus Vini. Il s&rsquo;agit de relire les articles des auteurs du prochain num\u00e9ro de Jus Vini, \u00e0 la recherche d&rsquo;une part, du bon respect de la ligne \u00e9ditoriale de la revue, et d&rsquo;autre part, d&rsquo;enrichissant des notes de bas de page.<\/li><li>La r\u00e9daction permet aux \u00e9tudiants de s&rsquo;associer \u00e0 un Alumni afin de r\u00e9diger un article sur un sujet en droit du vin, en lien avec l&rsquo;actualit\u00e9. L&rsquo;Alumni a pour r\u00f4le de guider l&rsquo;\u00e9tudiant dans l&rsquo;exercice de recherche documentaire et de pr\u00e9paration d&rsquo;un plan. <\/li><\/ul>\n\n\n\n<p>L&rsquo;editing et la r\u00e9daction se d\u00e9roulent sur l&rsquo;ann\u00e9e universitaire, avec des \u00e9ch\u00e9ances r\u00e9guli\u00e8re. Ces exercices sont valoris\u00e9s au-del\u00e0 de la notation, puisque dans le cadre de la r\u00e9daction, les articles les plus qualitatifs et ayant le sujet ad\u00e9quat, pourront faire l&rsquo;objet d&rsquo;une publication dans Jus Vini ou sur Jus Vini blog. <\/p>\n\n\n\n<p><strong>La publication ou l&rsquo;absence de publication n&rsquo;a pas d&rsquo;impact sur la note attribu\u00e9e dans le cadre du PPI. <\/strong><\/p>\n\n\n\n<p>Le travail d&rsquo;editing et de r\u00e9daction, en plus d&rsquo;entra\u00eener l&rsquo;\u00e9tudiant \u00e0 la rigueur du travail de juriste, permet de mettre en lumi\u00e8res d&rsquo;\u00e9ventuelles affinit\u00e9s avec la recherche universitaire. De plus, l&rsquo;exercice est un bon entrainement pour la r\u00e9alisation de travaux futurs en lien avec le Programme (m\u00e9moire de recherche), ou en dehors du Programme (th\u00e8se, note juridique dans le monde de l&rsquo;entreprise). <\/p>\n\n\n\n<p>Retrouvez les articles des \u00e9tudiants <a href=\"https:\/\/www.wine-law.org\/index.php\/tag\/ppi-m2\/\" target=\"_blank\" rel=\"noreferrer noopener\">ici<\/a>.<\/p>\n","protected":false},"excerpt":{"rendered":"<p>Depuis la cr\u00e9ation de Jus Vini, et plus r\u00e9cemment, de Jus Vini blog, les \u00e9tudiants du Programme Vin et Droit prennent part \u00e0 la vie des deux revues juridiques. Cet engagement fait d\u00e9sormais partie int\u00e9grante du programme d&rsquo;\u00e9tude. Objectif&nbsp;: Le&#8230; <a class=\"more-link\" href=\"https:\/\/www.wine-law.org\/index.php\/jus-vini-jus-vini-blog-aswc-2\/\">Lire la suite &rarr;<\/a><\/p>\n","protected":false},"author":5,"featured_media":0,"parent":0,"menu_order":0,"comment_status":"closed","ping_status":"closed","template":"","meta":{"sfsi_plus_gutenberg_text_before_share":"","sfsi_plus_gutenberg_show_text_before_share":"","sfsi_plus_gutenberg_icon_type":"","sfsi_plus_gutenberg_icon_alignemt":"","sfsi_plus_gutenburg_max_per_row":"","spay_email":""},"jetpack_sharing_enabled":true,"_links":{"self":[{"href":"https:\/\/www.wine-law.org\/index.php\/wp-json\/wp\/v2\/pages\/2740"}],"collection":[{"href":"https:\/\/www.wine-law.org\/index.php\/wp-json\/wp\/v2\/pages"}],"about":[{"href":"https:\/\/www.wine-law.org\/index.php\/wp-json\/wp\/v2\/types\/page"}],"author":[{"embeddable":true,"href":"https:\/\/www.wine-law.org\/index.php\/wp-json\/wp\/v2\/users\/5"}],"replies":[{"embeddable":true,"href":"https:\/\/www.wine-law.org\/index.php\/wp-json\/wp\/v2\/comments?post=2740"}],"version-history":[{"count":11,"href":"https:\/\/www.wine-law.org\/index.php\/wp-json\/wp\/v2\/pages\/2740\/revisions"}],"predecessor-version":[{"id":3726,"href":"https:\/\/www.wine-law.org\/index.php\/wp-json\/wp\/v2\/pages\/2740\/revisions\/3726"}],"wp:attachment":[{"href":"https:\/\/www.wine-law.org\/index.php\/wp-json\/wp\/v2\/media?parent=2740"}],"curies":[{"name":"wp","href":"https:\/\/api.w.org\/{rel}","templated":true}]}}