{"id":2,"date":"2020-01-26T18:36:57","date_gmt":"2020-01-26T18:36:57","guid":{"rendered":"http:\/\/wine-law.fr\/?page_id=2"},"modified":"2020-01-27T11:44:27","modified_gmt":"2020-01-27T10:44:27","slug":"sample-page","status":"publish","type":"page","link":"https:\/\/www.wine-law.org\/index.php\/sample-page\/","title":{"rendered":"\u00c0 propos du programme"},"content":{"rendered":"\n<p>\u00ab\u00a0Voil\u00e0 que le Programme Vin &amp; Droit a d\u00e9j\u00e0 une histoire \u00e0 raconter. Pr\u00e8s de 10 ans apr\u00e8s le lancement de ses premi\u00e8res activit\u00e9s, nous sommes tr\u00e8s fiers du bilan que l\u2019\u00e9quipe peut pr\u00e9senter. La Chaire Jean Monnet en R\u00e9gulation du secteur vitivinicole, l\u2019attribution du Prix de l\u2019OIV pour l\u2019ouvrage sur le droit du vin et la sant\u00e9 publique, la reconnaissance du Summer School \u00e0 l\u2019\u00e9chelle mondiale avec des candidatures qui viennent de tous les continents, le d\u00e9veloppement d\u2019activit\u00e9s comme le s\u00e9minaire international en droit du vin dans son contexte et le Moot Court, la collection Vin &amp; Droit aux \u00e9ditions Mare &amp; Martin, et bien-s\u00fbr le travail fait dans le cadre du Master 2 et l\u2019int\u00e9gration professionnelle de nos dipl\u00f4m\u00e9s sont parmi les r\u00e9ussites du Programme.\u00a0<\/p>\n\n\n\n<p>Tout cela ne serait pas possible sans le concours de nos partenaires qui nous honorent avec leur confiance et leur soutien, financier, logistique, moral : la Commission europ\u00e9enne, le Groupe Mo\u00ebt Hennessy, la FAFSEA, le Comit\u00e9 Champagne, l\u2019AIDV et nos partenaires acad\u00e9miques, telles les Universit\u00e9s de Salvador en Argentine et de Davis en Californie ou encore la Burgundy School of Business.<\/p>\n\n\n\n<p>L\u2019\u00e9quipe p\u00e9dagogique, les enseignants invit\u00e9s, les services centraux de l\u2019Universit\u00e9, et le personnel du CRDT, Mmes Monique Dessalles et St\u00e9phanie Ouhibi, assurant la gestion administrative, ont tous jou\u00e9 leur r\u00f4le d\u00e9terminant pour la consolidation de ce projet dans si peu de temps et dans des conditions pas toujours optimales.\u00a0<\/p>\n\n\n\n<p>Un grand merci est, en fin, \u00e0 adresser \u00e0 nos \u00e9tudiants, jeunes ou moins jeunes, notre source d\u2019inspiration permanente.\u00a0La cr\u00e9ation de l\u2019Association des anciens permet de s\u2019appuyer sur cette richesse pour l\u2018avenir. \u00a0Certains ont d\u00e9cid\u00e9 de nous accompagner de mani\u00e8re plus durable, notamment les trois premi\u00e8res allocataires de recherche qui ont \u00e9t\u00e9 choisies sur leur m\u00e9rite pour travailler sur des questions fort int\u00e9ressantes pour le secteur ; d\u2019autres ont d\u00e9j\u00e0 int\u00e9gr\u00e9 la vie professionnelle ou sont sur le point de le faire ; et sans oublier nos \u00e9tudiants du Fall School qui nous ont laiss\u00e9 un souvenir doux avant de repartir \u00e0 des destinations lointaines et diffuser la vision du Programme Vin &amp; Droit. \u00a0<\/p>\n\n\n\n<blockquote class=\"wp-block-quote\"><p>Le Programme Vin &amp; Droit est plus pr\u00eat que jamais pour relever les d\u00e9fis en mati\u00e8re d\u2019\u00e9ducation et de recherche, en \u00e9troite collaboration avec ses partenaires aux niveaux r\u00e9gional et international.<\/p><\/blockquote>\n\n\n\n<p>Car, c\u2019est justement cette vision qui a anim\u00e9 le projet d\u00e8s sa conception et jusqu\u2019aujourd\u2019hui. Une certaine conception du droit du vin et des spiritueux qui y voit des questions pratiques mais \u00e9galement d\u2019un grand apport th\u00e9orique. Une vision qui r\u00e9cuse le clivage entre des formations \u00ab professionnalisantes \u00bb et \u00ab th\u00e9oriques \u00bb, entre des formations \u00ab fran\u00e7aises \u00bb et \u00ab \u00e9trang\u00e8res \u00bb et qui appr\u00e9hende les questions juridiques vitivinicoles dans leur contexte historique, g\u00e9ographique, \u00e9conomique et &#8211; pourquoi pas ? &#8211; en interaction avec les sciences naturelles. Voil\u00e0 ce que le Programme Vin &amp; Droit d\u00e9fend : une certaine appr\u00e9hension du droit du vin et des spiritueux au service du monde professionnel et de la science juridique.\u00a0<\/p>\n\n\n\n<p>Les d\u00e9fis pour l\u2019avenir sont plusieurs, \u00e0 commencer par l\u2019inscription de la Champagne sur la liste du Patrimoine mondiale de l\u2019UNESCO appelle \u00e0 une mobilisation des programmes \u00e9ducatifs vers cette direction. Les questions d\u2019environnement, de r\u00e9chauffement climatique et de tra\u00e7abilit\u00e9 de produits cr\u00e9ent de nouveaux besoins dans le monde du vin et des spiritueux. Une Europe qui est la recherche de son chemin, et son monde du vin avec elle\u2026\u00a0\u00bb<\/p>\n\n\n\n<p><\/p>\n","protected":false},"excerpt":{"rendered":"<p>\u00ab\u00a0Voil\u00e0 que le Programme Vin &amp; Droit a d\u00e9j\u00e0 une histoire \u00e0 raconter. Pr\u00e8s de 10 ans apr\u00e8s le lancement de ses premi\u00e8res activit\u00e9s, nous sommes tr\u00e8s fiers du bilan que l\u2019\u00e9quipe peut pr\u00e9senter. La Chaire Jean Monnet en R\u00e9gulation&#8230; <a class=\"more-link\" href=\"https:\/\/www.wine-law.org\/index.php\/sample-page\/\">Lire la suite &rarr;<\/a><\/p>\n","protected":false},"author":4,"featured_media":0,"parent":0,"menu_order":0,"comment_status":"closed","ping_status":"open","template":"","meta":{"sfsi_plus_gutenberg_text_before_share":"","sfsi_plus_gutenberg_show_text_before_share":"","sfsi_plus_gutenberg_icon_type":"","sfsi_plus_gutenberg_icon_alignemt":"","sfsi_plus_gutenburg_max_per_row":"","spay_email":""},"jetpack_sharing_enabled":true,"_links":{"self":[{"href":"https:\/\/www.wine-law.org\/index.php\/wp-json\/wp\/v2\/pages\/2"}],"collection":[{"href":"https:\/\/www.wine-law.org\/index.php\/wp-json\/wp\/v2\/pages"}],"about":[{"href":"https:\/\/www.wine-law.org\/index.php\/wp-json\/wp\/v2\/types\/page"}],"author":[{"embeddable":true,"href":"https:\/\/www.wine-law.org\/index.php\/wp-json\/wp\/v2\/users\/4"}],"replies":[{"embeddable":true,"href":"https:\/\/www.wine-law.org\/index.php\/wp-json\/wp\/v2\/comments?post=2"}],"version-history":[{"count":3,"href":"https:\/\/www.wine-law.org\/index.php\/wp-json\/wp\/v2\/pages\/2\/revisions"}],"predecessor-version":[{"id":62,"href":"https:\/\/www.wine-law.org\/index.php\/wp-json\/wp\/v2\/pages\/2\/revisions\/62"}],"wp:attachment":[{"href":"https:\/\/www.wine-law.org\/index.php\/wp-json\/wp\/v2\/media?parent=2"}],"curies":[{"name":"wp","href":"https:\/\/api.w.org\/{rel}","templated":true}]}}