{"id":1912,"date":"2020-06-09T12:53:02","date_gmt":"2020-06-09T11:53:02","guid":{"rendered":"https:\/\/www.wine-law.org\/?page_id=1912"},"modified":"2020-06-09T12:53:03","modified_gmt":"2020-06-09T11:53:03","slug":"seminaire-juriste-dentreprise","status":"publish","type":"page","link":"https:\/\/www.wine-law.org\/index.php\/seminaire-juriste-dentreprise\/","title":{"rendered":"S\u00e9minaire \u00ab Juriste d&rsquo;entreprise \u00bb"},"content":{"rendered":"\n<p><strong>Point d\u2019actualit\u00e9 en droit du vin<\/strong><\/p>\n\n\n\n<p>Le Programme Vin &amp; Droit \u2013 Chaire Jean Monnet met les \u00e9tudiants du Master 2 en \u00ab\u00a0premi\u00e8re ligne\u00a0\u00bb dans l\u2019exp\u00e9rience de la vie professionnelle. Les partenariats avec Mo\u00ebt Hennessy Champagne Services et des acteurs institutionnels de la fili\u00e8re au niveau r\u00e9gional, europ\u00e9en et international permettent d\u2019identifier des dossiers d\u2019actualit\u00e9. Des \u00e9quipes d\u2019\u00e9tudiants, encadr\u00e9es par des sp\u00e9cialistes, pr\u00e9parent des pr\u00e9sentations d\u00e9taill\u00e9es et s\u2019exposent aux questions pos\u00e9es par des professionnels du secteur, invit\u00e9s pour \u00e9couter et \u00e9changer sur l\u2019\u00ab\u00a0\u00e9tat du droit\u00a0\u00bb et les perspectives d\u2019\u00e9volution. Les \u00e9tudiants s\u2019initient ainsi \u00e0 la carri\u00e8re de juriste d\u2019entreprise dans des conditions de simulation aussi exigeantes que celle de la vie r\u00e9elle. \u00c0 titre d\u2019exemple, la question des zones de non-traitement et celle des travailleurs d\u00e9tach\u00e9s de la fili\u00e8re ont \u00e9t\u00e9 d\u00e9j\u00e0 trait\u00e9es.<\/p>\n","protected":false},"excerpt":{"rendered":"<p>Point d\u2019actualit\u00e9 en droit du vin Le Programme Vin &amp; Droit \u2013 Chaire Jean Monnet met les \u00e9tudiants du Master 2 en \u00ab\u00a0premi\u00e8re ligne\u00a0\u00bb dans l\u2019exp\u00e9rience de la vie professionnelle. Les partenariats avec Mo\u00ebt Hennessy Champagne Services et des acteurs&#8230; <a class=\"more-link\" href=\"https:\/\/www.wine-law.org\/index.php\/seminaire-juriste-dentreprise\/\">Lire la suite &rarr;<\/a><\/p>\n","protected":false},"author":6,"featured_media":0,"parent":0,"menu_order":0,"comment_status":"closed","ping_status":"closed","template":"","meta":{"sfsi_plus_gutenberg_text_before_share":"","sfsi_plus_gutenberg_show_text_before_share":"","sfsi_plus_gutenberg_icon_type":"","sfsi_plus_gutenberg_icon_alignemt":"","sfsi_plus_gutenburg_max_per_row":"","spay_email":""},"jetpack_sharing_enabled":true,"_links":{"self":[{"href":"https:\/\/www.wine-law.org\/index.php\/wp-json\/wp\/v2\/pages\/1912"}],"collection":[{"href":"https:\/\/www.wine-law.org\/index.php\/wp-json\/wp\/v2\/pages"}],"about":[{"href":"https:\/\/www.wine-law.org\/index.php\/wp-json\/wp\/v2\/types\/page"}],"author":[{"embeddable":true,"href":"https:\/\/www.wine-law.org\/index.php\/wp-json\/wp\/v2\/users\/6"}],"replies":[{"embeddable":true,"href":"https:\/\/www.wine-law.org\/index.php\/wp-json\/wp\/v2\/comments?post=1912"}],"version-history":[{"count":1,"href":"https:\/\/www.wine-law.org\/index.php\/wp-json\/wp\/v2\/pages\/1912\/revisions"}],"predecessor-version":[{"id":1913,"href":"https:\/\/www.wine-law.org\/index.php\/wp-json\/wp\/v2\/pages\/1912\/revisions\/1913"}],"wp:attachment":[{"href":"https:\/\/www.wine-law.org\/index.php\/wp-json\/wp\/v2\/media?parent=1912"}],"curies":[{"name":"wp","href":"https:\/\/api.w.org\/{rel}","templated":true}]}}