{"id":117,"date":"2020-01-27T15:19:32","date_gmt":"2020-01-27T14:19:32","guid":{"rendered":"http:\/\/wine-law.fr\/?page_id=117"},"modified":"2020-01-27T15:34:32","modified_gmt":"2020-01-27T14:34:32","slug":"seminaire-international","status":"publish","type":"page","link":"https:\/\/www.wine-law.org\/index.php\/seminaire-international\/","title":{"rendered":"S\u00e9minaire international"},"content":{"rendered":"\n<p><strong>Le S\u00e9minaire \u00ab Wine Law in Context \u00bb<\/strong><\/p>\n\n\n\n<p><em>A partir de l\u2019ann\u00e9e acad\u00e9mique 2012-2013, un s\u00e9minaire international est mis en place, dans lequel des papiers novateurs sur le droit vitivinicole, en cours de r\u00e9alisation sont pr\u00e9sent\u00e9s et discut\u00e9s par des experts en la mati\u00e8re. L\u2019objectif du s\u00e9minaire consiste en l\u2019examen des interactions du droit du vin et des spiritueux avec d\u2019autres disciplines. Les papiers sont susceptibles de faire l\u2019objet d\u2019une publication dans la collection de The Wine &amp; Law in Context (WLC) Working Papers.<\/em><\/p>\n\n\n\n<h4>Working papers<\/h4>\n\n\n\n<ul><li><strong><a rel=\"noreferrer noopener\" aria-label=\"WP 1\/2013 (s\u2019ouvre dans un nouvel onglet)\" href=\"http:\/\/wine-law.fr\/wp-content\/uploads\/2020\/01\/1-marisa-alejandra-garsco-et-ricardo-m.-gordo-llobell.pdf\" target=\"_blank\">WP 1\/2013<\/a><\/strong>,Marisa Alejandra Garsco et Ricardo M. Gordo LLobell (h), INDICATIONS GEOGRAPHIQUES DES VINS ET SPIRITUEUX EN DROIT ARGENTIN.&nbsp;<\/li><li><strong><a rel=\"noreferrer noopener\" aria-label=\"WP 2\/2013 (s\u2019ouvre dans un nouvel onglet)\" href=\"http:\/\/wine-law.fr\/wp-content\/uploads\/2020\/01\/2-florentin-rambaud.pdf\" target=\"_blank\">WP 2\/2013<\/a><\/strong>, Florentin Rambaud, PESTICIDES DANS LE VIN : LA NOTION DE RISQUE SANITAIRE.<\/li><li><strong><a rel=\"noreferrer noopener\" aria-label=\"WP 3\/2013 (s\u2019ouvre dans un nouvel onglet)\" href=\"http:\/\/wine-law.fr\/wp-content\/uploads\/2020\/01\/3-alberto-ribeiro-de-almeida.pdf\" target=\"_blank\">WP 3\/2013<\/a><\/strong>, Alberto Ribeiro de Almeida, PRIVATE AND PUBLIC SCHEMES OF CERTIFICATION APPLIED TO GEOGRAPHICAL INDICATIONS &#8211; USA AND EU EXPERIENCE.<\/li><li><strong><a rel=\"noreferrer noopener\" aria-label=\"WP 4\/2013 (s\u2019ouvre dans un nouvel onglet)\" href=\"http:\/\/wine-law.fr\/wp-content\/uploads\/2020\/01\/4-john-barker.pdf\" target=\"_blank\">WP 4\/2013<\/a>,<\/strong>&nbsp;John Barker, SECTORAL AND GOVERNMENT INTERACTION IN THE INTERNATIONAL REGULATION OF WINE.<\/li><li><strong><a href=\"http:\/\/wine-law.fr\/wp-content\/uploads\/2020\/01\/5-emmanuel-baud-et-sabine-rigaud.pdf\" target=\"_blank\" rel=\"noreferrer noopener\" aria-label=\"WP 5\/2013 (s\u2019ouvre dans un nouvel onglet)\">WP 5\/2013<\/a><\/strong>, Emmanuel Baud et Sabine Rigaud, LES RESTRICTIONS IMPOSEES PAR LA LOI EVIN A LA LIBERTE DES OPERATEURS ECONOMIQUES DE DEPOSER ET DE FAIRE USAGE DE MARQUES QUI DESIGNENT DES BOISSONS ALCOOLISEES.<\/li><li><strong><a href=\"http:\/\/wine-law.fr\/wp-content\/uploads\/2020\/01\/6_boyer-paillard-seminaire-wine-law-prog-dec-2013.pdf\" target=\"_blank\" rel=\"noreferrer noopener\" aria-label=\"WP 1\/2014 (s\u2019ouvre dans un nouvel onglet)\">WP 1\/2014<\/a>,<\/strong>&nbsp;Doroth\u00e9e Boyer-Paillard,&nbsp;LA PROTECTION DE L&rsquo;ORIGINE DES PRODUCTIONS DITES TYPIQUES : FRANCE, EUROPE et INTERNATIONAL.<\/li><li><strong><a href=\"http:\/\/wine-law.fr\/wp-content\/uploads\/2020\/01\/7-benoit-verdier-s\u00e9minaire-2.2014.pdf\" target=\"_blank\" rel=\"noreferrer noopener\" aria-label=\"WP 2\/2014 (s\u2019ouvre dans un nouvel onglet)\">WP 2\/2014<\/a>,<\/strong>&nbsp;Benoit Verdier,&nbsp;LA RH\u00c9TORIQUE DU TERROIR AU SERVICE D\u2019UNE ORGANISATION PROFESSIONNELLE : R\u00c9IFICATION DE L\u2019ID\u00c9AL COLLECTIF D\u2019ANTAN DU SGV.<\/li><li><strong><a href=\"http:\/\/wine-law.fr\/wp-content\/uploads\/2020\/01\/8-aurelie-laurent-seminaire.pdf\" target=\"_blank\" rel=\"noreferrer noopener\" aria-label=\"WP 3\/2014 (s\u2019ouvre dans un nouvel onglet)\">WP 3\/2014<\/a><\/strong>,&nbsp;Aur\u00e9lie Laurent,&nbsp;LOI EVIN ET EVOLUTION DES STRATEGIES DE COMMUNICATION EN LIGNE EN FAVEUR DES BOISSONS ALCOOLISEES.<\/li><li><strong><a href=\"http:\/\/wine-law.fr\/wp-content\/uploads\/2020\/01\/9_lhistoire-se-repete_april2015-version-final-sur-le-site.pdf\" target=\"_blank\" rel=\"noreferrer noopener\" aria-label=\"WP 1\/2015 (s\u2019ouvre dans un nouvel onglet)\">WP 1\/2015<\/a>,<\/strong>&nbsp;Giulia Meloni &amp; Johan Swinnen,&nbsp;L&rsquo;HISTOIRE SE REPETE, WHY THE LIBERALISATION OF THE EU VINEYARD PLANTING RIGHTS REGIME&nbsp;MAY REQUIRE ANOTHER FRENCH REVOLUTION.<\/li><li><strong><a href=\"http:\/\/wine-law.fr\/wp-content\/uploads\/2020\/01\/10_nicola-tinelli.pdf\" target=\"_blank\" rel=\"noreferrer noopener\" aria-label=\"WP 2\/2015 (s\u2019ouvre dans un nouvel onglet)\">WP 2\/2015<\/a>,<\/strong>&nbsp;Nicola Tinelli,&nbsp;THE ROLE OF INTER-PROFESSIONAL ORGANISATIONS IN THE MODIFICATION OF THE ITALIAN WINE PRODUCT SPECIFICATION.<\/li><li><strong><a href=\"http:\/\/wine-law.fr\/wp-content\/uploads\/2020\/01\/11-article_annulation_aop-1.pdf\" target=\"_blank\" rel=\"noreferrer noopener\" aria-label=\"WP 1\/2016 (s\u2019ouvre dans un nouvel onglet)\">WP 1\/2016<\/a>,<\/strong>&nbsp;Aur\u00e9lie Laurent,&nbsp;L&rsquo;ANNULATION DE L&rsquo;APPELLATION D&rsquo;ORIGINE PROTEGEE.<\/li><li><strong><a href=\"http:\/\/wine-law.fr\/wp-content\/uploads\/2020\/01\/12-wp_01_2017.pdf\" target=\"_blank\" rel=\"noreferrer noopener\" aria-label=\"WP 1\/2017 (s\u2019ouvre dans un nouvel onglet)\">WP 1\/2017<\/a><\/strong>, Giulia Meloni &amp; Johan Swinnen, STANDARDS, TARIFFS AND TRADE.<\/li><li><strong><a href=\"http:\/\/wine-law.fr\/wp-content\/uploads\/2020\/01\/13-wp_02_2017.pdf\" target=\"_blank\" rel=\"noreferrer noopener\" aria-label=\"WP 2\/2017 (s\u2019ouvre dans un nouvel onglet)\">WP 2\/2017<\/a><\/strong>, Bethany Fraker,&nbsp;LESSONS LEARNED FROM THE COUNTERFEIT BORDEAUX WINE MARKET IN CHINA AND THE SOLUTIONS AVAILABLE TO PRODUCERS.<\/li><li><strong><a href=\"http:\/\/wine-law.fr\/wp-content\/uploads\/2020\/01\/14-wp_03_2017.pdf\" target=\"_blank\" rel=\"noreferrer noopener\" aria-label=\"WP 3\/2017 (s\u2019ouvre dans un nouvel onglet)\">WP 3\/2017<\/a><\/strong>, Maud Woitier,&nbsp;LA LUTTE EN MATIERE DE CONTREFACON&nbsp;EN DROIT DU VIN ET DES SPIRITUEUX.<\/li><li><strong><a href=\"http:\/\/wine-law.fr\/wp-content\/uploads\/2020\/01\/15-wp_4_2017.pdf\" target=\"_blank\" rel=\"noreferrer noopener\" aria-label=\"WP 4\/2017 (s\u2019ouvre dans un nouvel onglet)\">WP 4\/2017<\/a><\/strong>, Pasquale Sasso &amp; Ludovico Solima,&nbsp;CHIANTI VS SAINT- EMILION.<\/li><\/ul>\n\n\n\n<hr class=\"wp-block-separator\"\/>\n\n\n\n<p><a href=\"http:\/\/wine-law.fr\/wp-content\/uploads\/2020\/01\/appel-a-contributions_1.pdf\" target=\"_blank\" rel=\"noreferrer noopener\" aria-label=\"Appel \u00e0 contributions (s\u2019ouvre dans un nouvel onglet)\">Appel \u00e0 contributions<\/a><\/p>\n","protected":false},"excerpt":{"rendered":"<p>Le S\u00e9minaire \u00ab Wine Law in Context \u00bb A partir de l\u2019ann\u00e9e acad\u00e9mique 2012-2013, un s\u00e9minaire international est mis en place, dans lequel des papiers novateurs sur le droit vitivinicole, en cours de r\u00e9alisation sont pr\u00e9sent\u00e9s et discut\u00e9s par des&#8230; <a class=\"more-link\" href=\"https:\/\/www.wine-law.org\/index.php\/seminaire-international\/\">Lire la suite &rarr;<\/a><\/p>\n","protected":false},"author":5,"featured_media":0,"parent":0,"menu_order":0,"comment_status":"closed","ping_status":"closed","template":"","meta":{"sfsi_plus_gutenberg_text_before_share":"","sfsi_plus_gutenberg_show_text_before_share":"","sfsi_plus_gutenberg_icon_type":"","sfsi_plus_gutenberg_icon_alignemt":"","sfsi_plus_gutenburg_max_per_row":"","spay_email":""},"jetpack_sharing_enabled":true,"_links":{"self":[{"href":"https:\/\/www.wine-law.org\/index.php\/wp-json\/wp\/v2\/pages\/117"}],"collection":[{"href":"https:\/\/www.wine-law.org\/index.php\/wp-json\/wp\/v2\/pages"}],"about":[{"href":"https:\/\/www.wine-law.org\/index.php\/wp-json\/wp\/v2\/types\/page"}],"author":[{"embeddable":true,"href":"https:\/\/www.wine-law.org\/index.php\/wp-json\/wp\/v2\/users\/5"}],"replies":[{"embeddable":true,"href":"https:\/\/www.wine-law.org\/index.php\/wp-json\/wp\/v2\/comments?post=117"}],"version-history":[{"count":4,"href":"https:\/\/www.wine-law.org\/index.php\/wp-json\/wp\/v2\/pages\/117\/revisions"}],"predecessor-version":[{"id":139,"href":"https:\/\/www.wine-law.org\/index.php\/wp-json\/wp\/v2\/pages\/117\/revisions\/139"}],"wp:attachment":[{"href":"https:\/\/www.wine-law.org\/index.php\/wp-json\/wp\/v2\/media?parent=117"}],"curies":[{"name":"wp","href":"https:\/\/api.w.org\/{rel}","templated":true}]}}