{"id":111,"date":"2020-01-27T13:50:39","date_gmt":"2020-01-27T12:50:39","guid":{"rendered":"http:\/\/wine-law.fr\/?page_id=111"},"modified":"2020-01-27T16:56:25","modified_gmt":"2020-01-27T15:56:25","slug":"fivs-abridge-challenge","status":"publish","type":"page","link":"https:\/\/www.wine-law.org\/index.php\/fivs-abridge-challenge\/","title":{"rendered":"FIVS &#8211; Abridge Challenge"},"content":{"rendered":"\n<h4><strong>Trade of Alcoholic Beverages \u2013 Open Markets and Public Policies<\/strong><\/h4>\n\n\n\n<p><em>Le concours en question vise \u00e0 mettre en situation les \u00e9tudiants en fin de parcours et destin\u00e9s \u00e0 travailler dans le secteur des vins et spiritueux ou d\u2019int\u00e9grer des organismes publics li\u00e9s au secteur. L\u2019objectif est de les mettre en contact avec la complexit\u00e9 des enjeux de la commercialisation des boissons alcooliques et les contraintes juridiques li\u00e9es \u00e0 cette commercialisation.\u00a0<\/em><\/p>\n\n\n\n<p>Chaque universit\u00e9 ou \u00e9cole de commerce envoie des \u00e9tudiants de niveau Master 2 (juristes et\/ou d\u2019\u00e9conomistes, gestionnaires). Les \u00e9quipes sont constitu\u00e9es avec le souci de m\u00e9langer des juristes et des \u00e9conomistes d\u2019\u00e9tablissements diff\u00e9rents, afin que les \u00e9tudiants apprennent \u00e0 travailler (notamment pour des questions aussi pol\u00e9miques que le commerce international et la r\u00e9gulation de la consommation d\u2019alcool). Une session pr\u00e9liminaire est organis\u00e9e afin de s\u2019assurer que les participants aient le m\u00eame niveau de connaissances sur le droit, l\u2019\u00e9conomie et le marketing et en vue de les familiariser avec la base des donn\u00e9es gracieusement offerte par la FIVS (FIVS-Abridge). Cette base de donn\u00e9es contient des informations sur la l\u00e9gislation applicable en mati\u00e8re de boissons alcooliques dans pratiquement l\u2019ensemble des pays au monde. Elle sert de source d\u2019informations n\u00e9cessaires pour \u00e9valuer les perspectives de d\u00e9veloppement d\u2019un march\u00e9 donn\u00e9 et d\u2019\u00e9tablir une strat\u00e9gie commerciale respectueuse de la loi du pays ou des pays concern\u00e9s. Le jury donne le sujet qui porte sur l\u2019analyse d\u2019une situation factuelle et conduit \u00e0 la prise de d\u00e9cision et \u00e0 la n\u00e9gociation fictive avec les \u00ab autorit\u00e9s publiques \u00bb (\u00e0 savoir le jury). Dans la premi\u00e8re phase, les \u00e9quipes ont 8 heures pour pr\u00e9parer leur rapport \u00e9crit en langue anglaise (afin d\u2019avoir la plus large participation d\u2019\u00e9quipes \u00e0 l\u2019\u00e9chelle internationale) en tenant compte de diff\u00e9rentes contraintes juridiques en mati\u00e8re de commercialisation des boissons alcooliques, valables dans les Etats d\u00e9sign\u00e9s par le jury. Leur rapport doit analyser ces contraintes et argumenter sur leur choix du march\u00e9 le plus propice. &nbsp;Le jury d\u00e9cide le jour m\u00eame des deux \u00e9quipes finalistes. Le lendemain, les deux \u00e9quipes finalistes sont interrog\u00e9es par le jury sur leurs rapports tandis qu\u2019elles ont des propositions \u00e0 faire pour concilier la libert\u00e9 de commerce avec les contraintes de r\u00e9gulation en mati\u00e8re de boissons alcooliques, en fonction des sp\u00e9cificit\u00e9s du pays concern\u00e9.<\/p>\n\n\n\n<p><a href=\"http:\/\/wine-law.fr\/wp-content\/uploads\/2020\/01\/fivs-abridge-global-wine-academic-competition-overview.docx\" target=\"_blank\" rel=\"noreferrer noopener\" aria-label=\"Le challenge 2019 (s\u2019ouvre dans un nouvel onglet)\">Le challenge 2019<\/a><\/p>\n","protected":false},"excerpt":{"rendered":"<p>Trade of Alcoholic Beverages \u2013 Open Markets and Public Policies Le concours en question vise \u00e0 mettre en situation les \u00e9tudiants en fin de parcours et destin\u00e9s \u00e0 travailler dans le secteur des vins et spiritueux ou d\u2019int\u00e9grer des organismes&#8230; <a class=\"more-link\" href=\"https:\/\/www.wine-law.org\/index.php\/fivs-abridge-challenge\/\">Lire la suite &rarr;<\/a><\/p>\n","protected":false},"author":5,"featured_media":0,"parent":0,"menu_order":0,"comment_status":"closed","ping_status":"closed","template":"","meta":{"sfsi_plus_gutenberg_text_before_share":"","sfsi_plus_gutenberg_show_text_before_share":"","sfsi_plus_gutenberg_icon_type":"","sfsi_plus_gutenberg_icon_alignemt":"","sfsi_plus_gutenburg_max_per_row":"","spay_email":""},"jetpack_sharing_enabled":true,"_links":{"self":[{"href":"https:\/\/www.wine-law.org\/index.php\/wp-json\/wp\/v2\/pages\/111"}],"collection":[{"href":"https:\/\/www.wine-law.org\/index.php\/wp-json\/wp\/v2\/pages"}],"about":[{"href":"https:\/\/www.wine-law.org\/index.php\/wp-json\/wp\/v2\/types\/page"}],"author":[{"embeddable":true,"href":"https:\/\/www.wine-law.org\/index.php\/wp-json\/wp\/v2\/users\/5"}],"replies":[{"embeddable":true,"href":"https:\/\/www.wine-law.org\/index.php\/wp-json\/wp\/v2\/comments?post=111"}],"version-history":[{"count":2,"href":"https:\/\/www.wine-law.org\/index.php\/wp-json\/wp\/v2\/pages\/111\/revisions"}],"predecessor-version":[{"id":176,"href":"https:\/\/www.wine-law.org\/index.php\/wp-json\/wp\/v2\/pages\/111\/revisions\/176"}],"wp:attachment":[{"href":"https:\/\/www.wine-law.org\/index.php\/wp-json\/wp\/v2\/media?parent=111"}],"curies":[{"name":"wp","href":"https:\/\/api.w.org\/{rel}","templated":true}]}}