{"id":107,"date":"2020-01-27T13:44:40","date_gmt":"2020-01-27T12:44:40","guid":{"rendered":"http:\/\/wine-law.fr\/?page_id=107"},"modified":"2020-01-27T13:44:40","modified_gmt":"2020-01-27T12:44:40","slug":"clinics-on-law-of-wine-spirits","status":"publish","type":"page","link":"https:\/\/www.wine-law.org\/index.php\/clinics-on-law-of-wine-spirits\/","title":{"rendered":"Clinics on Law of Wine &#038; Spirits"},"content":{"rendered":"\n<p>Sur la base de partenariats ave<strong>c l\u2019Association \u00ab Wine in Moderation \u00bb<\/strong>\u00a0ainsi qu\u2019avec le <strong>Syndicat g\u00e9n\u00e9ral des Vignerons de Champagne<\/strong> et<strong>\u00a0l&rsquo;Union des Maisons de Champagne,<\/strong>\u00a0les \u00e9tudiants du Master 2 Droit du Vin et des Spiritueux travailleront sur des dossiers li\u00e9s \u00e0 la commercialisation des boissons alcooliques.<strong>\u00a0La m\u00e9thode de travail est inspir\u00e9e de \u00ab Law Clinics \u00bb des facult\u00e9s de droit am\u00e9ricaines<\/strong>\u00a0: les \u00e9tudiants travaillent sous la responsabilit\u00e9 d\u2019un enseignant (le titulaire de la Chaire) et se voient confi\u00e9s des dossiers transmis par les organismes partenaires, tels la compatibilit\u00e9 d\u2019un site Internet d\u2019un producteur des vins avec les r\u00e8gles europ\u00e9ennes et nationales en mati\u00e8re de publicit\u00e9 ou la conformit\u00e9 d\u2019\u00e9tiquettes des boissons alcooliques avec les r\u00e8gles europ\u00e9ennes (et nationales), ou encore l\u2019enregistrement d\u2019une marque internationale \u00a0De cette mani\u00e8re, les \u00e9tudiants saisiront l\u2019importance des r\u00e8gles applicables dans le secteur \u00e0 travers une r\u00e9elle mise en contact avec la pratique.<\/p>\n","protected":false},"excerpt":{"rendered":"<p>Sur la base de partenariats avec l\u2019Association \u00ab Wine in Moderation \u00bb\u00a0ainsi qu\u2019avec le Syndicat g\u00e9n\u00e9ral des Vignerons de Champagne et\u00a0l&rsquo;Union des Maisons de Champagne,\u00a0les \u00e9tudiants du Master 2 Droit du Vin et des Spiritueux travailleront sur des dossiers li\u00e9s&#8230; <a class=\"more-link\" href=\"https:\/\/www.wine-law.org\/index.php\/clinics-on-law-of-wine-spirits\/\">Lire la suite &rarr;<\/a><\/p>\n","protected":false},"author":5,"featured_media":0,"parent":0,"menu_order":0,"comment_status":"closed","ping_status":"closed","template":"","meta":{"sfsi_plus_gutenberg_text_before_share":"","sfsi_plus_gutenberg_show_text_before_share":"","sfsi_plus_gutenberg_icon_type":"","sfsi_plus_gutenberg_icon_alignemt":"","sfsi_plus_gutenburg_max_per_row":"","spay_email":""},"jetpack_sharing_enabled":true,"_links":{"self":[{"href":"https:\/\/www.wine-law.org\/index.php\/wp-json\/wp\/v2\/pages\/107"}],"collection":[{"href":"https:\/\/www.wine-law.org\/index.php\/wp-json\/wp\/v2\/pages"}],"about":[{"href":"https:\/\/www.wine-law.org\/index.php\/wp-json\/wp\/v2\/types\/page"}],"author":[{"embeddable":true,"href":"https:\/\/www.wine-law.org\/index.php\/wp-json\/wp\/v2\/users\/5"}],"replies":[{"embeddable":true,"href":"https:\/\/www.wine-law.org\/index.php\/wp-json\/wp\/v2\/comments?post=107"}],"version-history":[{"count":1,"href":"https:\/\/www.wine-law.org\/index.php\/wp-json\/wp\/v2\/pages\/107\/revisions"}],"predecessor-version":[{"id":108,"href":"https:\/\/www.wine-law.org\/index.php\/wp-json\/wp\/v2\/pages\/107\/revisions\/108"}],"wp:attachment":[{"href":"https:\/\/www.wine-law.org\/index.php\/wp-json\/wp\/v2\/media?parent=107"}],"curies":[{"name":"wp","href":"https:\/\/api.w.org\/{rel}","templated":true}]}}