{"id":100,"date":"2020-01-27T13:40:13","date_gmt":"2020-01-27T12:40:13","guid":{"rendered":"http:\/\/wine-law.fr\/?page_id=100"},"modified":"2025-05-19T17:28:43","modified_gmt":"2025-05-19T15:28:43","slug":"du-journalisme-du-vin","status":"publish","type":"page","link":"https:\/\/www.wine-law.org\/index.php\/du-journalisme-du-vin\/","title":{"rendered":"Dipl\u00f4me d&rsquo;Universit\u00e9 Journalisme du Vin"},"content":{"rendered":"\n<p><em>La formation en question r\u00e9pond \u00e0 un besoin r\u00e9el au niveau r\u00e9gional voire national et international. Il s\u2019agit d\u2019offrir une formation dipl\u00f4mante visant \u00e0 assurer la sp\u00e9cialisation des professionnels travaillant (ou \u00e0 la recherche d\u2019emploi) dans le domaine des m\u00e9dias (presse \u00e9crite, audiovisuelle et internet), des services de communication (du secteur public ou priv\u00e9), etc, sur les questions de la vigne et du vin.<\/em><\/p>\n\n\n\n<p class=\"has-regular-font-size\"><strong>Pr\u00e9sentation&nbsp;&nbsp;:<\/strong><\/p>\n\n\n\n<p>Rarement la fili\u00e8re viti-vinicole mondiale n\u2019a d\u00e9gag\u00e9 autant de r\u00e9ussites commerciales qu\u2019aujourd\u2019hui. Paradoxalement, dans le m\u00eame temps, la consommation de vins ne cesse de d\u00e9cro\u00eetre.<\/p>\n\n\n\n<p>Dans le secteur agro-alimentaire, la fili\u00e8re vin s\u2019organise pour r\u00e9pondre \u00e0 la demande d\u2019une production plus respectueuse de l\u2019environnement, et se trouve \u00e0 la pointe de la recherche pour s\u2019adapter au r\u00e9chauffement climatique. Dans le m\u00eame temps, le \u00ab&nbsp;viti bashing&nbsp;\u00bb n\u2019a jamais \u00e9t\u00e9 aussi fort.<\/p>\n\n\n\n<p>La fili\u00e8re n\u2019a jamais autant promu une consommation responsable, dans un contexte ou la protection des consommateurs et la question de la sant\u00e9 publique n\u2019ont jamais \u00e9t\u00e9 aussi fortes.<\/p>\n\n\n\n<p>Depuis plus de 8 000 ans, de nombreuses et grandes r\u00e9gions du monde semblent avoir \u00e9volu\u00e9 au rythme d\u2019une civilisation du vin. Cette civilisation est-elle encore d\u2019actualit\u00e9 ?<\/p>\n\n\n\n<p>Au milieu de ces paradoxes, le nombre de passionn\u00e9s d\u2019histoires vigneronnes et de singularit\u00e9s vinicoles ne cesse d\u2019augmenter, et avec lui son engouement. Cette formation est n\u00e9e du besoin de donner \u00e0 celles et ceux qui informent ces publics particuliers des cl\u00e9s pour d\u00e9crypter le monde du vin, bien au-del\u00e0 de la d\u00e9gustation ou de la connaissance des c\u00e9pages.<\/p>\n\n\n\n<p class=\"has-regular-font-size\"><strong>Objectifs p\u00e9dagogiques :&nbsp;<\/strong><\/p>\n\n\n\n<ul><li>Acqu\u00e9rir des connaissances (histoire, terroir, production, organisations, \u00e9conomie, d\u00e9veloppement durable, vin et soci\u00e9t\u00e9, marketing) pour mieux ma\u00eetriser l\u2019approche journalistique autour du vin et augmenter la capacit\u00e9 d\u2019argumentation face aux interlocuteurs de la fili\u00e8re vitivinicole<\/li><\/ul>\n\n\n\n<ul><li>Se mettre en r\u00e9seau avec le monde professionnel et le monde acad\u00e9mique dans le secteur<\/li><\/ul>\n\n\n\n<h2 class=\"has-regular-font-size\" id=\"heading1778602\"><strong>Public attendu :<\/strong><\/h2>\n\n\n\n<ul><li>Journalistes et communicants en poste ou en recherche d\u2019emploi.<\/li><\/ul>\n\n\n\n<ul><li>Jeunes dipl\u00f4m\u00e9s d\u2019\u00c9cole de journalisme, \u00e9tudiants en cours de formation (journalisme, communication, droit, etc.).<\/li><\/ul>\n\n\n\n<ul><li>Curieux du domaine de la vigne et du vin<\/li><\/ul>\n\n\n\n<p><br><a href=\"https:\/\/www.univ-reims.fr\/igc\/formation\/formation-diplomante\/diplome-universitaire-journalisme-du-vin,26985,44044.html\" target=\"_blank\" rel=\"noreferrer noopener\">En savoir plus&#8230;<\/a><\/p>\n","protected":false},"excerpt":{"rendered":"<p>La formation en question r\u00e9pond \u00e0 un besoin r\u00e9el au niveau r\u00e9gional voire national et international. Il s\u2019agit d\u2019offrir une formation dipl\u00f4mante visant \u00e0 assurer la sp\u00e9cialisation des professionnels travaillant (ou \u00e0 la recherche d\u2019emploi) dans le domaine des m\u00e9dias&#8230; <a class=\"more-link\" href=\"https:\/\/www.wine-law.org\/index.php\/du-journalisme-du-vin\/\">Lire la suite &rarr;<\/a><\/p>\n","protected":false},"author":5,"featured_media":0,"parent":0,"menu_order":0,"comment_status":"closed","ping_status":"closed","template":"","meta":{"sfsi_plus_gutenberg_text_before_share":"","sfsi_plus_gutenberg_show_text_before_share":"","sfsi_plus_gutenberg_icon_type":"","sfsi_plus_gutenberg_icon_alignemt":"","sfsi_plus_gutenburg_max_per_row":"","spay_email":""},"jetpack_sharing_enabled":true,"_links":{"self":[{"href":"https:\/\/www.wine-law.org\/index.php\/wp-json\/wp\/v2\/pages\/100"}],"collection":[{"href":"https:\/\/www.wine-law.org\/index.php\/wp-json\/wp\/v2\/pages"}],"about":[{"href":"https:\/\/www.wine-law.org\/index.php\/wp-json\/wp\/v2\/types\/page"}],"author":[{"embeddable":true,"href":"https:\/\/www.wine-law.org\/index.php\/wp-json\/wp\/v2\/users\/5"}],"replies":[{"embeddable":true,"href":"https:\/\/www.wine-law.org\/index.php\/wp-json\/wp\/v2\/comments?post=100"}],"version-history":[{"count":4,"href":"https:\/\/www.wine-law.org\/index.php\/wp-json\/wp\/v2\/pages\/100\/revisions"}],"predecessor-version":[{"id":4075,"href":"https:\/\/www.wine-law.org\/index.php\/wp-json\/wp\/v2\/pages\/100\/revisions\/4075"}],"wp:attachment":[{"href":"https:\/\/www.wine-law.org\/index.php\/wp-json\/wp\/v2\/media?parent=100"}],"curies":[{"name":"wp","href":"https:\/\/api.w.org\/{rel}","templated":true}]}}